{"id":159,"date":"2013-02-04T17:33:53","date_gmt":"2013-02-04T16:33:53","guid":{"rendered":"http:\/\/www.lion-of-judah.eu\/lfi\/?page_id=159"},"modified":"2013-02-04T17:33:53","modified_gmt":"2013-02-04T16:33:53","slug":"lion-of-judah-2","status":"publish","type":"page","link":"https:\/\/lion4israel.lion-of-judah.net\/?page_id=159","title":{"rendered":"Lion of Judah for all"},"content":{"rendered":"<header><\/header>\n<div>\n<p>Lion of Judah ist eine konfessions\u00fcbergreifende christliche Dienstgemeinschaft die  Juni 2009 gegr\u00fcndet wurde.<br \/>\nUnsere Mitglieder geh\u00f6ren den verschiedensten christlichen Denominationen \u2013 oder aber auch gar keiner an.<br \/>\nWas uns verbindet ist der gemeinsame Glaube an den allm\u00e4chtigen Gott, den Sch\u00f6pfer aller Dinge und seinen Sohn Jesus Christus unseren Herrn und Retter.<br \/>\nDie Ziele unserer Gemeinschaft wollen wir hier mit Hilfe einiger Bibelstellen darlegen.<\/p>\n<div id=\"script\">Johannes 14,6<br \/>\nJesus spricht zu ihm: Ich bin der Weg und die Wahrheit und das Leben. Niemand kommt zum Vater als nur durch mich.Johannes 3,16<br \/>\nDenn also hat Gott die Welt geliebt, da\u00df er seinen eingeborenen Sohn gab, damit alle, die an ihn glauben, nicht verloren gehen werden, sondern das ewige Leben haben.Johannes 1,3<br \/>\nAlles ist durch dasselbe entstanden; und ohne dasselbe ist auch nicht eines entstanden, was entstanden ist.Johannes 1,10<br \/>\nEr war in der Welt, und die Welt wurde durch ihn, und die Welt kannte ihn nicht.Apostelgeschichte 10,34+35<br \/>\nDa tat Petrus den Mund auf und sprach: Nun erfahre ich in Wahrheit, da\u00df Gott die Person nicht ansieht, sondern da\u00df in jeder Nation, wer ihn f\u00fcrchtet und recht tut, ihm angenehm ist!<\/p>\n<p>Johannes 15,12<br \/>\nDies ist mein Gebot, dass ihr einander liebt, wie ich euch geliebt habe.<\/p>\n<p>R\u00f6mer 12,5<br \/>\nSo sind auch wir, die vielen, ein Leib in Christus, als einzelne aber untereinander Glieder.<\/p>\n<p>Johannes 13,35<br \/>\nDaran werden alle erkennen, dass ihr meine J\u00fcnger seid, wenn ihr Liebe untereinander habt.<\/p>\n<p>Galater 6,2<br \/>\nEiner trage des andern Last, so werdet ihr das Gesetz Christi erf\u00fcllen.<\/p>\n<p>Markus 16,15<br \/>\nUnd er sprach zu ihnen: Gehet hin in die ganze Welt und prediget das Evangelium der ganzen Sch\u00f6pfung.<\/p>\n<\/div>\n<p>Gott liebt die Vielfalt, ER hat kein Blatt wie ein anderes erschaffen, ja selbst jede Schneeflocke ist einzigartig um wievieles mehr wir Menschen f\u00fcr die ER dies Universum gemacht hat!<br \/>\nWir sind davon \u00fcberzeugt, da\u00df jeder Mensch von Gott geliebt und geschaffen ist\u2026 und wenn wir alle Kinder eines Vaters sind, sollten auch wir unsere Geschwister, alle Menschen jedes Standes, jeder Nationalit\u00e4t und Hautfarbe lieben.<br \/>\nWie Petrus erkennen durfte \u201csieht Gott die Person nicht an\u201d das bedeutet er liebt den Obdachlosen genau so wie den Staatsmann, die Hausfrau ebenso wie den Manager und den Punker nicht weniger als den Priester.<br \/>\nWie Gottes Wort sagt, sind wir alle zusammen ein Leib in Christus, eine Einheit die sich aus vielen unterschiedlichen Organen und Gliedma\u00dfen mit unterschiedlichen Aufgaben zusammensetzt \u2013 und die doch nur zusammen voll funktionsf\u00e4hig ist.<br \/>\nEbenso haben wir als Pers\u00f6nlichkeit ein jeder seine St\u00e4rken- und auch seine Schw\u00e4chen, wenn nun jeder Einzelne seine St\u00e4rken f\u00fcr die Gemeinschaft einsetzt wird es uns allen weit besser gehen und das Leben wird ein ganzes St\u00fcck \u201clebenswerter\u201d.<br \/>\nSo ist es unser Anliegen Br\u00fccken zu bauen, Br\u00fccken zwischen jung und alt, Br\u00fccken zwischen den Geschlechtern, Br\u00fccken zwischen Menschen mit den verschiedensten pers\u00f6nlichen und kulturellen Hintergr\u00fcnden.<br \/>\nWir m\u00f6chten anderen Menschen mit unseren Gaben helfen \u2013 sei es durch Gemeinschaft, Gebet, F\u00fcrbitte, Bibellehre, Wellnesstips \u2026 oder auch ganz praktisch.<\/p>\n<h3>Willst auch Du zu diesem Dienst f\u00fcr Gott geh\u00f6ren?<\/h3>\n<p><a href=\"http:\/\/www.lion-of-judah.eu\/d\/membership.htm\" target=\"_blank\" rel=\"noopener\"> \u00dcber die Mitgliedschaft <\/a><\/p>\n<p>&nbsp;<\/p>\n<\/div>\n","protected":false},"excerpt":{"rendered":"<p>Lion of Judah ist eine konfessions\u00fcbergreifende christliche Dienstgemeinschaft die Juni 2009 gegr\u00fcndet wurde. Unsere Mitglieder geh\u00f6ren den verschiedensten christlichen Denominationen \u2013 oder aber auch gar keiner an. Was uns verbindet ist der gemeinsame Glaube an den allm\u00e4chtigen Gott, den Sch\u00f6pfer aller Dinge und seinen Sohn Jesus Christus unseren Herrn und Retter. Die Ziele unserer Gemeinschaft [&hellip;]<\/p>\n","protected":false},"author":3,"featured_media":0,"parent":0,"menu_order":0,"comment_status":"open","ping_status":"open","template":"","meta":{"footnotes":""},"class_list":["post-159","page","type-page","status-publish","hentry"],"_links":{"self":[{"href":"https:\/\/lion4israel.lion-of-judah.net\/index.php?rest_route=\/wp\/v2\/pages\/159","targetHints":{"allow":["GET"]}}],"collection":[{"href":"https:\/\/lion4israel.lion-of-judah.net\/index.php?rest_route=\/wp\/v2\/pages"}],"about":[{"href":"https:\/\/lion4israel.lion-of-judah.net\/index.php?rest_route=\/wp\/v2\/types\/page"}],"author":[{"embeddable":true,"href":"https:\/\/lion4israel.lion-of-judah.net\/index.php?rest_route=\/wp\/v2\/users\/3"}],"replies":[{"embeddable":true,"href":"https:\/\/lion4israel.lion-of-judah.net\/index.php?rest_route=%2Fwp%2Fv2%2Fcomments&post=159"}],"version-history":[{"count":0,"href":"https:\/\/lion4israel.lion-of-judah.net\/index.php?rest_route=\/wp\/v2\/pages\/159\/revisions"}],"wp:attachment":[{"href":"https:\/\/lion4israel.lion-of-judah.net\/index.php?rest_route=%2Fwp%2Fv2%2Fmedia&parent=159"}],"curies":[{"name":"wp","href":"https:\/\/api.w.org\/{rel}","templated":true}]}}