{"id":72,"date":"2013-02-01T00:04:15","date_gmt":"2013-01-31T23:04:15","guid":{"rendered":"http:\/\/www.lion-of-judah.eu\/lfi\/?page_id=72"},"modified":"2026-01-25T10:56:17","modified_gmt":"2026-01-25T09:56:17","slug":"lion-for-israel","status":"publish","type":"page","link":"https:\/\/lion4israel.lion-of-judah.net\/","title":{"rendered":"Lion for Israel"},"content":{"rendered":"<h3 style=\"text-align: center;\"><strong>Wir <\/strong><strong>sind Botschafter an Christi statt in und f\u00fcr Lion of Judah. Unser Dienst, <\/strong><strong><em><span style=\"color: #000080;\">Lion<\/span><\/em> <span style=\"color: #000080;\"><em>for Israel<\/em>,<\/span> besteht erst einmal in\u00a0 &#8222;Botschaften&#8220; wie auch der Auftrag &#8222;Bringt mein Volk nach Israel&#8220; &#8211; f\u00fcr weitere Infos \u00fcber geplante Touren bitten wir um Kontaktaufnahme.<br \/>\n<\/strong><\/h3>\n<p><a href=\"http:\/\/de.wikipedia.org\/wiki\/Botschafter\" target=\"blank\" rel=\"noopener noreferrer\"><strong>Botschafter<\/strong><\/a> = <a href=\"http:\/\/universal_lexikon.deacademic.com\/13702\/Repr%C3%A4sentant\" target=\"_blank\" rel=\"noopener noreferrer\">Repr\u00e4sentant<\/a>; <a href=\"http:\/\/universal_lexikon.deacademic.com\/13704\/Missionschef\" target=\"_blank\" rel=\"noopener noreferrer\">Missionschef<\/a>; <a href=\"http:\/\/universal_lexikon.deacademic.com\/8845\/Legat\" target=\"_blank\" rel=\"noopener noreferrer\">Legat<\/a>; <a href=\"http:\/\/universal_lexikon.deacademic.com\/38922\/Gesandter\" target=\"_blank\" rel=\"noopener noreferrer\">Gesandter<\/a>; <a href=\"https:\/\/universal_lexikon.deacademic.com\/31511\/Abgesandter\" target=\"_blank\" rel=\"noopener noreferrer\">Abgesandter<\/a><\/p>\n<h1>Hatikva &#8211; Die Hoffnung<\/h1>\n<h2><strong>Die Nationalhymne Israels<\/strong><\/h2>\n<audio class=\"wp-audio-shortcode\" id=\"audio-72-1\" preload=\"none\" style=\"width: 100%;\" controls=\"controls\"><source type=\"audio\/mpeg\" src=\"https:\/\/lion-of-judah.info\/download\/musik\/hatikva.mp3?_=1\" \/><a href=\"https:\/\/lion-of-judah.info\/download\/musik\/hatikva.mp3\" target=\"_blank\" rel=\"noopener\">https:\/\/lion-of-judah.info\/download\/musik\/hatikva.mp3<\/a><\/audio>\n<p><strong>Wer Israel segnet, wird gesegnet! (1.Mose 12,3)<\/strong><br \/>\nDer Aspekt der Erw\u00e4hlung Abrahams und Israels ist der: Wer Israel segnet, wird gesegnet, wer Isreal flucht, wird verflucht.<br \/>\nDie Bibel, aber auch die Menschheitsgeschichte durchzieht ein Prinzip: Der Mensch und das Volk, die das Israelische Volk segnen, also dem j\u00fcdischen Volk Gutes tun, wird von Gott gesegnet. Wer den Gliedern dieses Volkes aber B\u00f6ses tut, auf den f\u00e4llt es selbst zur\u00fcck.<\/p>\n<p><strong>Warum ist das so?<\/strong><br \/>\nIsrael, so die Bibel, hat Gott sich auserw\u00e4hlt als ein Volk, das Ihm und den Menschen besonders dienen soll. Gott sieht Israel wie seinen eigenen Augapfel (Sacharja 2,12), es ist ihm also besonders wichtig. Das hei\u00dft nicht, dass alles, was Juden \/Israelis \/ der Staat Israel tun, gut ist &#8211; aber Gott gibt Sein B\u00fcndnis und seine Verhei\u00dfungen f\u00fcr Sein auserw\u00e4hltes Volk Israel nicht auf.<\/p>\n<p>Im Ministry Bereich wollen wir Israel Gutes tun, z.B. durch F\u00fcrbitte, Informationen, Besuche etc.<\/p>\n<p><strong>Jeden Monat finden Gebetstreffen &#8222;ISRAEL-STATION&#8220; statt, um Jesus, den L\u00f6wen von Judah zu loben, preisen und zu ehren, sowie gemeinsam f\u00fcr das Volk Israel in den Riss zu treten. Falls Du in der N\u00e4he von 67480 Edenkoben wohnst melde Dich bei Ralf bzw. bei Sabine, wenn Du nah bei 72108 Rottenburg wohnst, da die Termine variieren.<br \/>\n<\/strong><\/p>\n<p><strong>Wenn auch ihr Sehnsucht nach Jesu Heimatland habt und sein Volk zusammen mit uns segnen wollt,\u00a0 dann bist Du hier genau richtig. \u00a0 \u00a0 \u00a0 \u00a0<\/strong><\/p>\n<p><span style=\"color: #333399;\"><strong>Liontour &#8211; FAT = Faith * Adventure * Truth in Israel<br \/>\n<\/strong><\/span><\/p>\n<p>guide: Ralf Brecht &#8211; Kontakt: Ralf@lion-of-judah.eu<\/p>\n<p>0049 175 6774843<\/p>\n<p>und<\/p>\n<p><span style=\"color: #333399;\"><strong>Liontour &#8211; Heart to Heart in Israel\u00a0 <\/strong><\/span><\/p>\n<p>guide: Bernd und Sabine Hagel &#8211; Kontakt: Sabine@lion-of-judah.eu<\/p>\n<p><strong>\u00a0<\/strong><span style=\"color: #ff0000;\"><strong>\u00a0<\/strong><\/span><\/p>\n<div style=\"width: 279px\" class=\"wp-caption alignnone\"><img loading=\"lazy\" decoding=\"async\" class=\"wp-image-1616 size-medium\" src=\"http:\/\/lion4israel.lion-of-judah.net\/wp-content\/uploads\/sites\/4\/2018\/08\/Patch_L4I_1_web-269x300.jpg\" alt=\"\" width=\"269\" height=\"300\" srcset=\"https:\/\/lion4israel.lion-of-judah.net\/wp-content\/uploads\/sites\/4\/2018\/08\/Patch_L4I_1_web-269x300.jpg 269w, https:\/\/lion4israel.lion-of-judah.net\/wp-content\/uploads\/sites\/4\/2018\/08\/Patch_L4I_1_web.jpg 700w\" sizes=\"auto, (max-width: 269px) 100vw, 269px\" \/><p class=\"wp-caption-text\"><br \/>Artikelbeschreibung:<br \/>Gesticktes Patch auf Wildlederimitat &#8211; Durchmesser 11 cm<br \/>Preis: 17.00 Euro. <br \/>Versandkosten:<br \/>1,80 Euro Briefversand in Deutschland<br \/>internationaler Briefversand auf Anfrage<br \/>Bestellungen bitte an<br \/>Sabine Hagel<br \/>email: Sabine@lion-of-judah.eu<br \/>Nach Zahlungseingang auf :<br \/>Kreissparkasse B\u00f6blingen <br \/>Kontoinhaber: Hagel &#8211; Lion of Judah<br \/>IBAN: DE 68 6035 0130 1002 2382 33 <br \/>BIC: BBKRDE6BXXX<br \/>oder via paypal:<br \/>Sabine_Hagel@web.de<br \/>Betreff: Israel support patch<br \/>werden wir die Artikel sofort versenden, sofern vorr\u00e4tig. Bitte geben Sie Ihre komplette Anschrift und auch die St\u00fcckzahl an&#8230;<\/p><\/div>\n<p><img loading=\"lazy\" decoding=\"async\" class=\"alignnone size-medium wp-image-1890\" src=\"http:\/\/lion4israel.lion-of-judah.net\/wp-content\/uploads\/sites\/4\/2020\/10\/flag-186476_12801-300x169.jpg\" alt=\"\" width=\"300\" height=\"169\" srcset=\"https:\/\/lion4israel.lion-of-judah.net\/wp-content\/uploads\/sites\/4\/2020\/10\/flag-186476_12801-300x169.jpg 300w, https:\/\/lion4israel.lion-of-judah.net\/wp-content\/uploads\/sites\/4\/2020\/10\/flag-186476_12801-1024x576.jpg 1024w, https:\/\/lion4israel.lion-of-judah.net\/wp-content\/uploads\/sites\/4\/2020\/10\/flag-186476_12801-768x432.jpg 768w, https:\/\/lion4israel.lion-of-judah.net\/wp-content\/uploads\/sites\/4\/2020\/10\/flag-186476_12801-624x351.jpg 624w, https:\/\/lion4israel.lion-of-judah.net\/wp-content\/uploads\/sites\/4\/2020\/10\/flag-186476_12801.jpg 1280w\" sizes=\"auto, (max-width: 300px) 100vw, 300px\" \/><\/p>\n<p><strong><span style=\"color: #003366;\">S H A L O M <\/span><\/strong><\/p>\n<p><img loading=\"lazy\" decoding=\"async\" src=\"https:\/\/www.paypalobjects.com\/de_DE\/i\/scr\/pixel.gif\" alt=\"\" width=\"1\" height=\"1\" border=\"0\" \/><\/p>\n","protected":false},"excerpt":{"rendered":"<p>Wir sind Botschafter an Christi statt in und f\u00fcr Lion of Judah. Unser Dienst, Lion for Israel, besteht erst einmal in\u00a0 &#8222;Botschaften&#8220; wie auch der Auftrag &#8222;Bringt mein Volk nach Israel&#8220; &#8211; f\u00fcr weitere Infos \u00fcber geplante Touren bitten wir um Kontaktaufnahme. Botschafter = Repr\u00e4sentant; Missionschef; Legat; Gesandter; Abgesandter Hatikva &#8211; Die Hoffnung Die Nationalhymne [&hellip;]<\/p>\n","protected":false},"author":7,"featured_media":0,"parent":0,"menu_order":0,"comment_status":"open","ping_status":"open","template":"","meta":{"footnotes":""},"class_list":["post-72","page","type-page","status-publish","hentry"],"_links":{"self":[{"href":"https:\/\/lion4israel.lion-of-judah.net\/index.php?rest_route=\/wp\/v2\/pages\/72","targetHints":{"allow":["GET"]}}],"collection":[{"href":"https:\/\/lion4israel.lion-of-judah.net\/index.php?rest_route=\/wp\/v2\/pages"}],"about":[{"href":"https:\/\/lion4israel.lion-of-judah.net\/index.php?rest_route=\/wp\/v2\/types\/page"}],"author":[{"embeddable":true,"href":"https:\/\/lion4israel.lion-of-judah.net\/index.php?rest_route=\/wp\/v2\/users\/7"}],"replies":[{"embeddable":true,"href":"https:\/\/lion4israel.lion-of-judah.net\/index.php?rest_route=%2Fwp%2Fv2%2Fcomments&post=72"}],"version-history":[{"count":24,"href":"https:\/\/lion4israel.lion-of-judah.net\/index.php?rest_route=\/wp\/v2\/pages\/72\/revisions"}],"predecessor-version":[{"id":2004,"href":"https:\/\/lion4israel.lion-of-judah.net\/index.php?rest_route=\/wp\/v2\/pages\/72\/revisions\/2004"}],"wp:attachment":[{"href":"https:\/\/lion4israel.lion-of-judah.net\/index.php?rest_route=%2Fwp%2Fv2%2Fmedia&parent=72"}],"curies":[{"name":"wp","href":"https:\/\/api.w.org\/{rel}","templated":true}]}}