{"id":817,"date":"2016-01-06T13:59:52","date_gmt":"2016-01-06T12:59:52","guid":{"rendered":"http:\/\/www.lion-of-judah.eu\/lfi\/?page_id=817"},"modified":"2018-09-17T14:48:58","modified_gmt":"2018-09-17T12:48:58","slug":"heart-to-heart-in-israel","status":"publish","type":"page","link":"https:\/\/lion4israel.lion-of-judah.net\/?page_id=817","title":{"rendered":"heart to heart in Israel"},"content":{"rendered":"<p><img loading=\"lazy\" decoding=\"async\" class=\"alignnone size-large wp-image-1272\" src=\"http:\/\/lion4israel.lion-of-judah.net\/wp-content\/uploads\/sites\/4\/2018\/08\/akim-jerusalem--1024x683.jpg\" alt=\"\" width=\"625\" height=\"417\" srcset=\"https:\/\/lion4israel.lion-of-judah.net\/wp-content\/uploads\/sites\/4\/2018\/08\/akim-jerusalem-.jpg 1024w, https:\/\/lion4israel.lion-of-judah.net\/wp-content\/uploads\/sites\/4\/2018\/08\/akim-jerusalem--300x200.jpg 300w, https:\/\/lion4israel.lion-of-judah.net\/wp-content\/uploads\/sites\/4\/2018\/08\/akim-jerusalem--768x512.jpg 768w\" sizes=\"auto, (max-width: 625px) 100vw, 625px\" \/><\/p>\n<h6 style=\"text-align: justify;\">kleine Impression &#8211; Akim Jerusalem November 2015<\/h6>\n<h3 style=\"text-align: justify;\"><span style=\"color: #0000ff;\">shalom&#8230;<br \/>\n<\/span><\/h3>\n<h2 style=\"text-align: justify;\"><span style=\"color: #0000ff;\">der Gott Israels segne Dich!<\/span><\/h2>\n<p style=\"text-align: justify;\"><span style=\"color: #0000ff;\">gerne wollen wir Dir mitteilen, dass Bernd und Sabine Hagel vom <\/span><\/p>\n<p style=\"text-align: justify;\"><span style=\"color: #0000ff;\"><span style=\"color: #333300;\">7. Oktober bis 14.Oktober 2018 von Tel Aviv, Hotel Gilgal, aus das heilige Land bereisen.\u00a0<\/span> <\/span><\/p>\n<p style=\"text-align: justify;\">Es ist die Zeit des Laubh\u00fcttenfestes.<\/p>\n<p style=\"text-align: justify;\"><span style=\"color: #0000ff;\">Geplant sind unter anderem 2 Tage in Jerusalem, Bethlehem, See Genezareth, Totes Meer etc. Wir fahren einerseits mit \u00f6ffentlichen Verkehrsmitteln und werden uns auch ein Auto mieten.\u00a0 Wir wollen Dir pers\u00f6nliche Freiheit lassen, ob Du einzelne Orte mit besuchst oder Dich lieber am sch\u00f6nen Strand von Tel Aviv ausruhen m\u00f6chtest. Das Hotel wird von messianischen Juden gef\u00fchrt und wir haben dort 2015 eine wunderbare Zeit verbracht. Die Anreise, Flug und s\u00e4mtliche Buchungen bitte in Eigenregie. Wir treffen uns dann vor Ort und freuen uns auf eine gemeinsame und heilige Zeit mit Dir!<\/span><\/p>\n<p style=\"text-align: justify;\">KOMM`- der Gott Israels wird Dein Herz ber\u00fchren!<\/p>\n<p style=\"text-align: justify;\"><span style=\"color: #0000ff;\">Gerne kannst Du uns im Vorfeld kontaktieren.<\/span><\/p>\n<p style=\"text-align: justify;\">shalom&#8230;.<strong> may the GOD of Israel bless you!<\/strong><\/p>\n<p style=\"text-align: justify;\">do you want to join us during Sukkot in Israel?<\/p>\n<p style=\"text-align: justify;\">Bernd and Sabine Hagel will be in the Holy Land from the 7th of October to the 14th of October 2018. We will travel from Tel Aviv, Hotel Gilgal, to Jerusalem, Dead Sea, Bethlehem and Tiberias etc. We want to give you the freedom to join us during our stay there, or you can spent time for example at the beautiful beach of Tel Aviv. The hotel is very good and peaceful and the owners are messianic jews. The flight, booking of the hotel etc. is your part. We will meet you in the hotel and we are looking forward to spent this holy time with you.<\/p>\n<p style=\"text-align: justify;\">COME&#8230; the GOD of Israel will touch your heart!<\/p>\n<p style=\"text-align: justify;\">You can contact us.<\/p>\n<p style=\"text-align: justify;\">wei\u00dfe Taube in der Klagemauer &#8211; white dove in the western wall in Jerusalem<\/p>\n<p><img loading=\"lazy\" decoding=\"async\" class=\"alignnone size-large wp-image-1257\" src=\"http:\/\/lion4israel.lion-of-judah.net\/wp-content\/uploads\/sites\/4\/2018\/08\/20130529_125736-e1452105804777-768x1024.jpg\" alt=\"\" width=\"625\" height=\"833\" srcset=\"https:\/\/lion4israel.lion-of-judah.net\/wp-content\/uploads\/sites\/4\/2018\/08\/20130529_125736-e1452105804777-768x1024.jpg 768w, https:\/\/lion4israel.lion-of-judah.net\/wp-content\/uploads\/sites\/4\/2018\/08\/20130529_125736-e1452105804777-225x300.jpg 225w, https:\/\/lion4israel.lion-of-judah.net\/wp-content\/uploads\/sites\/4\/2018\/08\/20130529_125736-e1452105804777.jpg 1920w\" sizes=\"auto, (max-width: 625px) 100vw, 625px\" \/><\/p>\n","protected":false},"excerpt":{"rendered":"<p>kleine Impression &#8211; Akim Jerusalem November 2015 shalom&#8230; der Gott Israels segne Dich! gerne wollen wir Dir mitteilen, dass Bernd und Sabine Hagel vom 7. Oktober bis 14.Oktober 2018 von Tel Aviv, Hotel Gilgal, aus das heilige Land bereisen.\u00a0 Es ist die Zeit des Laubh\u00fcttenfestes. Geplant sind unter anderem 2 Tage in Jerusalem, Bethlehem, See [&hellip;]<\/p>\n","protected":false},"author":2,"featured_media":0,"parent":0,"menu_order":0,"comment_status":"closed","ping_status":"closed","template":"","meta":{"footnotes":""},"class_list":["post-817","page","type-page","status-publish","hentry"],"_links":{"self":[{"href":"https:\/\/lion4israel.lion-of-judah.net\/index.php?rest_route=\/wp\/v2\/pages\/817","targetHints":{"allow":["GET"]}}],"collection":[{"href":"https:\/\/lion4israel.lion-of-judah.net\/index.php?rest_route=\/wp\/v2\/pages"}],"about":[{"href":"https:\/\/lion4israel.lion-of-judah.net\/index.php?rest_route=\/wp\/v2\/types\/page"}],"author":[{"embeddable":true,"href":"https:\/\/lion4israel.lion-of-judah.net\/index.php?rest_route=\/wp\/v2\/users\/2"}],"replies":[{"embeddable":true,"href":"https:\/\/lion4israel.lion-of-judah.net\/index.php?rest_route=%2Fwp%2Fv2%2Fcomments&post=817"}],"version-history":[{"count":3,"href":"https:\/\/lion4israel.lion-of-judah.net\/index.php?rest_route=\/wp\/v2\/pages\/817\/revisions"}],"predecessor-version":[{"id":1667,"href":"https:\/\/lion4israel.lion-of-judah.net\/index.php?rest_route=\/wp\/v2\/pages\/817\/revisions\/1667"}],"wp:attachment":[{"href":"https:\/\/lion4israel.lion-of-judah.net\/index.php?rest_route=%2Fwp%2Fv2%2Fmedia&parent=817"}],"curies":[{"name":"wp","href":"https:\/\/api.w.org\/{rel}","templated":true}]}}