{"id":837,"date":"2016-01-06T20:54:19","date_gmt":"2016-01-06T19:54:19","guid":{"rendered":"http:\/\/www.lion-of-judah.eu\/lfi\/?page_id=837"},"modified":"2018-09-17T17:25:46","modified_gmt":"2018-09-17T15:25:46","slug":"f-a-t-faith-adventure-truth-tour","status":"publish","type":"page","link":"https:\/\/lion4israel.lion-of-judah.net\/?page_id=837","title":{"rendered":"F A T &#8211; Faith Adventure Truth"},"content":{"rendered":"<p><span style=\"color: #000000;\">F\u00fcr n\u00e4here Informationen zur n\u00e4chsten Tour kontaktiere uns bitte.<\/span><\/p>\n<p><strong>R\u00fcckblick der letzten Liontour \u2013 FAT = Faith * Adventure * Truth in Israel vom 04.04. bis 11.04.2018<\/strong><\/p>\n<p>Mittwoch, 4.4.18 Anreise Tel Aviv gegen 13:15 Uhr \/ Leihwagen holen \/ ev. Treffen mit Zion Riders u. oder Samson Riders<\/p>\n<p>Donnerstag, 5.4.18 07:00 Fr\u00fcst\u00fcck, 08:00 Abfahrt nach Timna Park(Stiftsh\u00fctte) \u00fcber Mitzpe Ramon(Krater u. Ben Gurion)<br \/>\n14:00 Stiftsh\u00fctte, danach Heimfahrt<\/p>\n<p>Freitag, 6.4.18 08.00 Fr\u00fchst\u00fcck, 09:30 Abfahrt nach Lot\u2019s place(Salzs\u00e4ulen), danch Totes Meer baden, Heimfahrt<\/p>\n<p>Samstag, 7.4.18 08:00 Fr\u00fcst\u00fcck, 09:30 Abfahrt zum See Genezareth, Tabgah, Kapernaum \u2013 Heimfahrt<\/p>\n<p>Sonntag, 8.4.18 07:00 Fr\u00fchst\u00fcck, 08:00 Abmarsch zur Knesset, 13:00 Yad Vashem<\/p>\n<p>Montag, 9.4.18 07.30 Fr\u00fcst\u00fcck, 08:30 zur \u00dcberraschung, 10:30 zum letzten Abendmahlsaal, 13:00 Abmarsch zur Westmauer,<br \/>\n16:00 Akim Jerusalem<\/p>\n<p>Dienstag, 10.4.18 08:00 Fr\u00fchst\u00fcck, 09:30 Gartengrab, Mittagessen oder Eisessen, \u00d6lberg + Garten Gethsemane dann Ben Yehuda street einkaufen<\/p>\n<p>Mittwoch, 11.4.18 08:00 Fr\u00fchst\u00fcck, 10:00 Abfahrt zum Flughafen Ben Gurion airport, 14:15 Abflug nach Deutschland<\/p>\n<p>guide: Ralf Brecht \u2013 Kontakt: Ralf@lion-of-judah.eu<\/p>\n","protected":false},"excerpt":{"rendered":"<p>F\u00fcr n\u00e4here Informationen zur n\u00e4chsten Tour kontaktiere uns bitte. R\u00fcckblick der letzten Liontour \u2013 FAT = Faith * Adventure * Truth in Israel vom 04.04. bis 11.04.2018 Mittwoch, 4.4.18 Anreise Tel Aviv gegen 13:15 Uhr \/ Leihwagen holen \/ ev. Treffen mit Zion Riders u. oder Samson Riders Donnerstag, 5.4.18 07:00 Fr\u00fcst\u00fcck, 08:00 Abfahrt nach [&hellip;]<\/p>\n","protected":false},"author":3,"featured_media":0,"parent":0,"menu_order":0,"comment_status":"closed","ping_status":"closed","template":"","meta":{"footnotes":""},"class_list":["post-837","page","type-page","status-publish","hentry"],"_links":{"self":[{"href":"https:\/\/lion4israel.lion-of-judah.net\/index.php?rest_route=\/wp\/v2\/pages\/837","targetHints":{"allow":["GET"]}}],"collection":[{"href":"https:\/\/lion4israel.lion-of-judah.net\/index.php?rest_route=\/wp\/v2\/pages"}],"about":[{"href":"https:\/\/lion4israel.lion-of-judah.net\/index.php?rest_route=\/wp\/v2\/types\/page"}],"author":[{"embeddable":true,"href":"https:\/\/lion4israel.lion-of-judah.net\/index.php?rest_route=\/wp\/v2\/users\/3"}],"replies":[{"embeddable":true,"href":"https:\/\/lion4israel.lion-of-judah.net\/index.php?rest_route=%2Fwp%2Fv2%2Fcomments&post=837"}],"version-history":[{"count":2,"href":"https:\/\/lion4israel.lion-of-judah.net\/index.php?rest_route=\/wp\/v2\/pages\/837\/revisions"}],"predecessor-version":[{"id":1708,"href":"https:\/\/lion4israel.lion-of-judah.net\/index.php?rest_route=\/wp\/v2\/pages\/837\/revisions\/1708"}],"wp:attachment":[{"href":"https:\/\/lion4israel.lion-of-judah.net\/index.php?rest_route=%2Fwp%2Fv2%2Fmedia&parent=837"}],"curies":[{"name":"wp","href":"https:\/\/api.w.org\/{rel}","templated":true}]}}